{"id":9970,"date":"2022-07-23T11:08:24","date_gmt":"2022-07-23T09:08:24","guid":{"rendered":"https:\/\/vilaltaconcept.es\/?post_type=product&#038;p=9970"},"modified":"2025-12-24T12:00:55","modified_gmt":"2025-12-24T11:00:55","slug":"mocasin-mujer-con-cierre-elastico-lateral","status":"publish","type":"product","link":"https:\/\/vilaltaconcept.es\/es\/producto\/mocasin-mujer-con-cierre-elastico-lateral\/","title":{"rendered":"Mocas\u00edn mujer con cierre el\u00e1stico lateral"},"content":{"rendered":"","protected":false},"excerpt":{"rendered":"<p>Mono baggy con tirantes regulables y bolsillos laterales.\u00a0TALLA \u00daNICA<\/p>\n<hr style=\"color: #000000; font-family: HelveticaNeue; font-size: 12px;\" \/>\n<p><strong>Composici\u00f3n del producto:<br \/><\/strong>100% Algod\u00f3n<\/p>\n","protected":false},"featured_media":10826,"comment_status":"open","ping_status":"closed","template":"","meta":{"site-sidebar-layout":"default","site-content-layout":"","ast-site-content-layout":"default","site-content-style":"default","site-sidebar-style":"default","ast-global-header-display":"","ast-banner-title-visibility":"","ast-main-header-display":"","ast-hfb-above-header-display":"","ast-hfb-below-header-display":"","ast-hfb-mobile-header-display":"","site-post-title":"","ast-breadcrumbs-content":"","ast-featured-img":"","footer-sml-layout":"","ast-disable-related-posts":"","theme-transparent-header-meta":"default","adv-header-id-meta":"","stick-header-meta":"","header-above-stick-meta":"","header-main-stick-meta":"","header-below-stick-meta":"","astra-migrate-meta-layouts":"set","ast-page-background-enabled":"default","ast-page-background-meta":{"desktop":{"background-color":"","background-image":"","background-repeat":"repeat","background-position":"center center","background-size":"auto","background-attachment":"scroll","background-type":"","background-media":"","overlay-type":"","overlay-color":"","overlay-opacity":"","overlay-gradient":""},"tablet":{"background-color":"","background-image":"","background-repeat":"repeat","background-position":"center center","background-size":"auto","background-attachment":"scroll","background-type":"","background-media":"","overlay-type":"","overlay-color":"","overlay-opacity":"","overlay-gradient":""},"mobile":{"background-color":"","background-image":"","background-repeat":"repeat","background-position":"center center","background-size":"auto","background-attachment":"scroll","background-type":"","background-media":"","overlay-type":"","overlay-color":"","overlay-opacity":"","overlay-gradient":""}},"ast-content-background-meta":{"desktop":{"background-color":"var(--ast-global-color-5)","background-image":"","background-repeat":"repeat","background-position":"center center","background-size":"auto","background-attachment":"scroll","background-type":"","background-media":"","overlay-type":"","overlay-color":"","overlay-opacity":"","overlay-gradient":""},"tablet":{"background-color":"var(--ast-global-color-5)","background-image":"","background-repeat":"repeat","background-position":"center center","background-size":"auto","background-attachment":"scroll","background-type":"","background-media":"","overlay-type":"","overlay-color":"","overlay-opacity":"","overlay-gradient":""},"mobile":{"background-color":"var(--ast-global-color-5)","background-image":"","background-repeat":"repeat","background-position":"center center","background-size":"auto","background-attachment":"scroll","background-type":"","background-media":"","overlay-type":"","overlay-color":"","overlay-opacity":"","overlay-gradient":""}}},"product_brand":[],"product_cat":[],"product_tag":[676,505,621,831,832,338,1054,80],"class_list":{"0":"post-9970","1":"product","2":"type-product","3":"status-publish","4":"has-post-thumbnail","6":"product_tag-algodon","7":"product_tag-banditas","8":"product_tag-color-negro","9":"product_tag-miram","10":"product_tag-miram-badalona","11":"product_tag-mono","12":"product_tag-mono-baggy","13":"product_tag-tirantes-regulables","14":"desktop-align-left","15":"tablet-align-left","16":"mobile-align-left","18":"first","19":"outofstock","20":"taxable","21":"shipping-taxable","22":"purchasable","23":"product-type-simple"},"yoast_head":"<!-- This site is optimized with the Yoast SEO plugin v26.6 - https:\/\/yoast.com\/wordpress\/plugins\/seo\/ -->\n<title>Mocas\u00edn mujer con cierre el\u00e1stico lateral - Vilalta Concept<\/title>\n<meta name=\"robots\" content=\"index, follow, max-snippet:-1, max-image-preview:large, max-video-preview:-1\" \/>\n<link rel=\"canonical\" href=\"https:\/\/vilaltaconcept.es\/es\/producto\/mocasin-mujer-con-cierre-elastico-lateral\/\" \/>\n<meta property=\"og:locale\" content=\"es_ES\" \/>\n<meta property=\"og:type\" content=\"article\" \/>\n<meta property=\"og:title\" content=\"Mocas\u00edn mujer con cierre el\u00e1stico lateral - Vilalta Concept\" \/>\n<meta property=\"og:description\" content=\"Mono baggy con tirantes regulables y bolsillos laterales.\u00a0TALLA \u00daNICAComposici\u00f3n del producto:100% Algod\u00f3n\" \/>\n<meta property=\"og:url\" content=\"https:\/\/vilaltaconcept.es\/es\/producto\/mocasin-mujer-con-cierre-elastico-lateral\/\" \/>\n<meta property=\"og:site_name\" content=\"Vilalta Concept\" \/>\n<meta property=\"article:publisher\" content=\"https:\/\/www.facebook.com\/mirambadalona\" \/>\n<meta property=\"article:modified_time\" content=\"2025-12-24T11:00:55+00:00\" \/>\n<meta property=\"og:image\" content=\"https:\/\/vilaltaconcept.es\/wp-content\/uploads\/2022\/07\/imagen_2025-12-24_120015660.jpg\" \/>\n\t<meta property=\"og:image:width\" content=\"600\" \/>\n\t<meta property=\"og:image:height\" content=\"600\" \/>\n\t<meta property=\"og:image:type\" content=\"image\/jpeg\" \/>\n<meta name=\"twitter:card\" content=\"summary_large_image\" \/>\n<script type=\"application\/ld+json\" class=\"yoast-schema-graph\">{\"@context\":\"https:\/\/schema.org\",\"@graph\":[{\"@type\":\"WebPage\",\"@id\":\"https:\/\/vilaltaconcept.es\/es\/producto\/mocasin-mujer-con-cierre-elastico-lateral\/\",\"url\":\"https:\/\/vilaltaconcept.es\/es\/producto\/mocasin-mujer-con-cierre-elastico-lateral\/\",\"name\":\"Mocas\u00edn mujer con cierre el\u00e1stico lateral - Vilalta Concept\",\"isPartOf\":{\"@id\":\"https:\/\/vilaltaconcept.es\/es\/#website\"},\"primaryImageOfPage\":{\"@id\":\"https:\/\/vilaltaconcept.es\/es\/producto\/mocasin-mujer-con-cierre-elastico-lateral\/#primaryimage\"},\"image\":{\"@id\":\"https:\/\/vilaltaconcept.es\/es\/producto\/mocasin-mujer-con-cierre-elastico-lateral\/#primaryimage\"},\"thumbnailUrl\":\"https:\/\/vilaltaconcept.es\/wp-content\/uploads\/2022\/07\/imagen_2025-12-24_120015660.jpg\",\"datePublished\":\"2022-07-23T09:08:24+00:00\",\"dateModified\":\"2025-12-24T11:00:55+00:00\",\"breadcrumb\":{\"@id\":\"https:\/\/vilaltaconcept.es\/es\/producto\/mocasin-mujer-con-cierre-elastico-lateral\/#breadcrumb\"},\"inLanguage\":\"es\",\"potentialAction\":[{\"@type\":\"ReadAction\",\"target\":[\"https:\/\/vilaltaconcept.es\/es\/producto\/mocasin-mujer-con-cierre-elastico-lateral\/\"]}]},{\"@type\":\"ImageObject\",\"inLanguage\":\"es\",\"@id\":\"https:\/\/vilaltaconcept.es\/es\/producto\/mocasin-mujer-con-cierre-elastico-lateral\/#primaryimage\",\"url\":\"https:\/\/vilaltaconcept.es\/wp-content\/uploads\/2022\/07\/imagen_2025-12-24_120015660.jpg\",\"contentUrl\":\"https:\/\/vilaltaconcept.es\/wp-content\/uploads\/2022\/07\/imagen_2025-12-24_120015660.jpg\",\"width\":600,\"height\":600},{\"@type\":\"BreadcrumbList\",\"@id\":\"https:\/\/vilaltaconcept.es\/es\/producto\/mocasin-mujer-con-cierre-elastico-lateral\/#breadcrumb\",\"itemListElement\":[{\"@type\":\"ListItem\",\"position\":1,\"name\":\"Portada\",\"item\":\"https:\/\/vilaltaconcept.es\/es\/\"},{\"@type\":\"ListItem\",\"position\":2,\"name\":\"Tienda\",\"item\":\"https:\/\/vilaltaconcept.es\/tienda\/\"},{\"@type\":\"ListItem\",\"position\":3,\"name\":\"Mocas\u00edn mujer con cierre el\u00e1stico lateral\"}]},{\"@type\":\"WebSite\",\"@id\":\"https:\/\/vilaltaconcept.es\/es\/#website\",\"url\":\"https:\/\/vilaltaconcept.es\/es\/\",\"name\":\"Vilalta Concept\",\"description\":\"Tienda de zapatos Online\",\"publisher\":{\"@id\":\"https:\/\/vilaltaconcept.es\/es\/#organization\"},\"potentialAction\":[{\"@type\":\"SearchAction\",\"target\":{\"@type\":\"EntryPoint\",\"urlTemplate\":\"https:\/\/vilaltaconcept.es\/es\/?s={search_term_string}\"},\"query-input\":{\"@type\":\"PropertyValueSpecification\",\"valueRequired\":true,\"valueName\":\"search_term_string\"}}],\"inLanguage\":\"es\"},{\"@type\":\"Organization\",\"@id\":\"https:\/\/vilaltaconcept.es\/es\/#organization\",\"name\":\"Mira'm Badalona\",\"url\":\"https:\/\/vilaltaconcept.es\/es\/\",\"logo\":{\"@type\":\"ImageObject\",\"inLanguage\":\"es\",\"@id\":\"https:\/\/vilaltaconcept.es\/es\/#\/schema\/logo\/image\/\",\"url\":\"https:\/\/vilaltaconcept.es\/wp-content\/uploads\/2021\/10\/LOGO-QUADRAT.png\",\"contentUrl\":\"https:\/\/vilaltaconcept.es\/wp-content\/uploads\/2021\/10\/LOGO-QUADRAT.png\",\"width\":512,\"height\":512,\"caption\":\"Mira'm Badalona\"},\"image\":{\"@id\":\"https:\/\/vilaltaconcept.es\/es\/#\/schema\/logo\/image\/\"},\"sameAs\":[\"https:\/\/www.facebook.com\/mirambadalona\",\"https:\/\/www.instagram.com\/mirambadalona\/\"]}]}<\/script>\n<!-- \/ Yoast SEO plugin. -->","yoast_head_json":{"title":"Mocas\u00edn mujer con cierre el\u00e1stico lateral - Vilalta Concept","robots":{"index":"index","follow":"follow","max-snippet":"max-snippet:-1","max-image-preview":"max-image-preview:large","max-video-preview":"max-video-preview:-1"},"canonical":"https:\/\/vilaltaconcept.es\/es\/producto\/mocasin-mujer-con-cierre-elastico-lateral\/","og_locale":"es_ES","og_type":"article","og_title":"Mocas\u00edn mujer con cierre el\u00e1stico lateral - Vilalta Concept","og_description":"Mono baggy con tirantes regulables y bolsillos laterales.\u00a0TALLA \u00daNICAComposici\u00f3n del producto:100% Algod\u00f3n","og_url":"https:\/\/vilaltaconcept.es\/es\/producto\/mocasin-mujer-con-cierre-elastico-lateral\/","og_site_name":"Vilalta Concept","article_publisher":"https:\/\/www.facebook.com\/mirambadalona","article_modified_time":"2025-12-24T11:00:55+00:00","og_image":[{"width":600,"height":600,"url":"https:\/\/vilaltaconcept.es\/wp-content\/uploads\/2022\/07\/imagen_2025-12-24_120015660.jpg","type":"image\/jpeg"}],"twitter_card":"summary_large_image","schema":{"@context":"https:\/\/schema.org","@graph":[{"@type":"WebPage","@id":"https:\/\/vilaltaconcept.es\/es\/producto\/mocasin-mujer-con-cierre-elastico-lateral\/","url":"https:\/\/vilaltaconcept.es\/es\/producto\/mocasin-mujer-con-cierre-elastico-lateral\/","name":"Mocas\u00edn mujer con cierre el\u00e1stico lateral - Vilalta Concept","isPartOf":{"@id":"https:\/\/vilaltaconcept.es\/es\/#website"},"primaryImageOfPage":{"@id":"https:\/\/vilaltaconcept.es\/es\/producto\/mocasin-mujer-con-cierre-elastico-lateral\/#primaryimage"},"image":{"@id":"https:\/\/vilaltaconcept.es\/es\/producto\/mocasin-mujer-con-cierre-elastico-lateral\/#primaryimage"},"thumbnailUrl":"https:\/\/vilaltaconcept.es\/wp-content\/uploads\/2022\/07\/imagen_2025-12-24_120015660.jpg","datePublished":"2022-07-23T09:08:24+00:00","dateModified":"2025-12-24T11:00:55+00:00","breadcrumb":{"@id":"https:\/\/vilaltaconcept.es\/es\/producto\/mocasin-mujer-con-cierre-elastico-lateral\/#breadcrumb"},"inLanguage":"es","potentialAction":[{"@type":"ReadAction","target":["https:\/\/vilaltaconcept.es\/es\/producto\/mocasin-mujer-con-cierre-elastico-lateral\/"]}]},{"@type":"ImageObject","inLanguage":"es","@id":"https:\/\/vilaltaconcept.es\/es\/producto\/mocasin-mujer-con-cierre-elastico-lateral\/#primaryimage","url":"https:\/\/vilaltaconcept.es\/wp-content\/uploads\/2022\/07\/imagen_2025-12-24_120015660.jpg","contentUrl":"https:\/\/vilaltaconcept.es\/wp-content\/uploads\/2022\/07\/imagen_2025-12-24_120015660.jpg","width":600,"height":600},{"@type":"BreadcrumbList","@id":"https:\/\/vilaltaconcept.es\/es\/producto\/mocasin-mujer-con-cierre-elastico-lateral\/#breadcrumb","itemListElement":[{"@type":"ListItem","position":1,"name":"Portada","item":"https:\/\/vilaltaconcept.es\/es\/"},{"@type":"ListItem","position":2,"name":"Tienda","item":"https:\/\/vilaltaconcept.es\/tienda\/"},{"@type":"ListItem","position":3,"name":"Mocas\u00edn mujer con cierre el\u00e1stico lateral"}]},{"@type":"WebSite","@id":"https:\/\/vilaltaconcept.es\/es\/#website","url":"https:\/\/vilaltaconcept.es\/es\/","name":"Vilalta Concept","description":"Tienda de zapatos Online","publisher":{"@id":"https:\/\/vilaltaconcept.es\/es\/#organization"},"potentialAction":[{"@type":"SearchAction","target":{"@type":"EntryPoint","urlTemplate":"https:\/\/vilaltaconcept.es\/es\/?s={search_term_string}"},"query-input":{"@type":"PropertyValueSpecification","valueRequired":true,"valueName":"search_term_string"}}],"inLanguage":"es"},{"@type":"Organization","@id":"https:\/\/vilaltaconcept.es\/es\/#organization","name":"Mira'm Badalona","url":"https:\/\/vilaltaconcept.es\/es\/","logo":{"@type":"ImageObject","inLanguage":"es","@id":"https:\/\/vilaltaconcept.es\/es\/#\/schema\/logo\/image\/","url":"https:\/\/vilaltaconcept.es\/wp-content\/uploads\/2021\/10\/LOGO-QUADRAT.png","contentUrl":"https:\/\/vilaltaconcept.es\/wp-content\/uploads\/2021\/10\/LOGO-QUADRAT.png","width":512,"height":512,"caption":"Mira'm Badalona"},"image":{"@id":"https:\/\/vilaltaconcept.es\/es\/#\/schema\/logo\/image\/"},"sameAs":["https:\/\/www.facebook.com\/mirambadalona","https:\/\/www.instagram.com\/mirambadalona\/"]}]}},"_links":{"self":[{"href":"https:\/\/vilaltaconcept.es\/es\/wp-json\/wp\/v2\/product\/9970","targetHints":{"allow":["GET"]}}],"collection":[{"href":"https:\/\/vilaltaconcept.es\/es\/wp-json\/wp\/v2\/product"}],"about":[{"href":"https:\/\/vilaltaconcept.es\/es\/wp-json\/wp\/v2\/types\/product"}],"replies":[{"embeddable":true,"href":"https:\/\/vilaltaconcept.es\/es\/wp-json\/wp\/v2\/comments?post=9970"}],"wp:featuredmedia":[{"embeddable":true,"href":"https:\/\/vilaltaconcept.es\/es\/wp-json\/wp\/v2\/media\/10826"}],"wp:attachment":[{"href":"https:\/\/vilaltaconcept.es\/es\/wp-json\/wp\/v2\/media?parent=9970"}],"wp:term":[{"taxonomy":"product_brand","embeddable":true,"href":"https:\/\/vilaltaconcept.es\/es\/wp-json\/wp\/v2\/product_brand?post=9970"},{"taxonomy":"product_cat","embeddable":true,"href":"https:\/\/vilaltaconcept.es\/es\/wp-json\/wp\/v2\/product_cat?post=9970"},{"taxonomy":"product_tag","embeddable":true,"href":"https:\/\/vilaltaconcept.es\/es\/wp-json\/wp\/v2\/product_tag?post=9970"}],"curies":[{"name":"wp","href":"https:\/\/api.w.org\/{rel}","templated":true}]}}