{"id":10122,"date":"2022-08-10T13:48:03","date_gmt":"2022-08-10T11:48:03","guid":{"rendered":"https:\/\/vilaltaconcept.es\/?post_type=product&#038;p=10122"},"modified":"2025-12-24T11:55:16","modified_gmt":"2025-12-24T10:55:16","slug":"camiseta-love-negro","status":"publish","type":"product","link":"https:\/\/vilaltaconcept.es\/es\/producto\/camiseta-love-negro\/","title":{"rendered":"Zapato Elegante"},"content":{"rendered":"","protected":false},"excerpt":{"rendered":"<p>Camiseta fluida y ligera de corte oversize, cuello redondo y manga larga en tejido jaspeado, \u00a1ultra c\u00f3moda! TALLA \u00daNICA<\/p>\n<hr style=\"color: #000000; font-family: HelveticaNeue; font-size: 12px;\" \/>\n<p><strong>Composici\u00f3n del producto:<\/strong><br \/>90% Viscosa<br \/>5% Lino<br \/>5% Elastano<br \/><em>Cuidados: Consultar la etiqueta antes de lavar<\/em><\/p>\n","protected":false},"featured_media":10820,"comment_status":"open","ping_status":"closed","template":"","meta":{"site-sidebar-layout":"default","site-content-layout":"","ast-site-content-layout":"default","site-content-style":"default","site-sidebar-style":"default","ast-global-header-display":"","ast-banner-title-visibility":"","ast-main-header-display":"","ast-hfb-above-header-display":"","ast-hfb-below-header-display":"","ast-hfb-mobile-header-display":"","site-post-title":"","ast-breadcrumbs-content":"","ast-featured-img":"","footer-sml-layout":"","ast-disable-related-posts":"","theme-transparent-header-meta":"default","adv-header-id-meta":"","stick-header-meta":"","header-above-stick-meta":"","header-main-stick-meta":"","header-below-stick-meta":"","astra-migrate-meta-layouts":"set","ast-page-background-enabled":"default","ast-page-background-meta":{"desktop":{"background-color":"","background-image":"","background-repeat":"repeat","background-position":"center center","background-size":"auto","background-attachment":"scroll","background-type":"","background-media":"","overlay-type":"","overlay-color":"","overlay-opacity":"","overlay-gradient":""},"tablet":{"background-color":"","background-image":"","background-repeat":"repeat","background-position":"center center","background-size":"auto","background-attachment":"scroll","background-type":"","background-media":"","overlay-type":"","overlay-color":"","overlay-opacity":"","overlay-gradient":""},"mobile":{"background-color":"","background-image":"","background-repeat":"repeat","background-position":"center center","background-size":"auto","background-attachment":"scroll","background-type":"","background-media":"","overlay-type":"","overlay-color":"","overlay-opacity":"","overlay-gradient":""}},"ast-content-background-meta":{"desktop":{"background-color":"var(--ast-global-color-5)","background-image":"","background-repeat":"repeat","background-position":"center center","background-size":"auto","background-attachment":"scroll","background-type":"","background-media":"","overlay-type":"","overlay-color":"","overlay-opacity":"","overlay-gradient":""},"tablet":{"background-color":"var(--ast-global-color-5)","background-image":"","background-repeat":"repeat","background-position":"center center","background-size":"auto","background-attachment":"scroll","background-type":"","background-media":"","overlay-type":"","overlay-color":"","overlay-opacity":"","overlay-gradient":""},"mobile":{"background-color":"var(--ast-global-color-5)","background-image":"","background-repeat":"repeat","background-position":"center center","background-size":"auto","background-attachment":"scroll","background-type":"","background-media":"","overlay-type":"","overlay-color":"","overlay-opacity":"","overlay-gradient":""}}},"product_brand":[],"product_cat":[],"product_tag":[505,153,1057,85,831,832,90,592],"class_list":{"0":"post-10122","1":"product","2":"type-product","3":"status-publish","4":"has-post-thumbnail","6":"product_tag-banditas","7":"product_tag-camiseta","8":"product_tag-love","9":"product_tag-manga-larga","10":"product_tag-miram","11":"product_tag-miram-badalona","12":"product_tag-oversize","13":"product_tag-print","14":"desktop-align-left","15":"tablet-align-left","16":"mobile-align-left","18":"first","19":"instock","20":"featured","21":"taxable","22":"shipping-taxable","23":"purchasable","24":"product-type-simple"},"yoast_head":"<!-- This site is optimized with the Yoast SEO plugin v26.6 - https:\/\/yoast.com\/wordpress\/plugins\/seo\/ -->\n<title>Zapato Elegante - Vilalta Concept<\/title>\n<meta name=\"robots\" content=\"index, follow, max-snippet:-1, max-image-preview:large, max-video-preview:-1\" \/>\n<link rel=\"canonical\" href=\"https:\/\/vilaltaconcept.es\/es\/producto\/camiseta-love-negro\/\" \/>\n<meta property=\"og:locale\" content=\"es_ES\" \/>\n<meta property=\"og:type\" content=\"article\" \/>\n<meta property=\"og:title\" content=\"Zapato Elegante - Vilalta Concept\" \/>\n<meta property=\"og:description\" content=\"Camiseta fluida y ligera de corte oversize, cuello redondo y manga larga en tejido jaspeado, \u00a1ultra c\u00f3moda! TALLA \u00daNICAComposici\u00f3n del producto:90% Viscosa5% Lino5% ElastanoCuidados: Consultar la etiqueta antes de lavar\" \/>\n<meta property=\"og:url\" content=\"https:\/\/vilaltaconcept.es\/es\/producto\/camiseta-love-negro\/\" \/>\n<meta property=\"og:site_name\" content=\"Vilalta Concept\" \/>\n<meta property=\"article:publisher\" content=\"https:\/\/www.facebook.com\/mirambadalona\" \/>\n<meta property=\"article:modified_time\" content=\"2025-12-24T10:55:16+00:00\" \/>\n<meta property=\"og:image\" content=\"https:\/\/vilaltaconcept.es\/wp-content\/uploads\/2022\/08\/imagen_2025-12-24_115439667.jpg\" \/>\n\t<meta property=\"og:image:width\" content=\"800\" \/>\n\t<meta property=\"og:image:height\" content=\"800\" \/>\n\t<meta property=\"og:image:type\" content=\"image\/jpeg\" \/>\n<meta name=\"twitter:card\" content=\"summary_large_image\" \/>\n<script type=\"application\/ld+json\" class=\"yoast-schema-graph\">{\"@context\":\"https:\/\/schema.org\",\"@graph\":[{\"@type\":\"WebPage\",\"@id\":\"https:\/\/vilaltaconcept.es\/es\/producto\/camiseta-love-negro\/\",\"url\":\"https:\/\/vilaltaconcept.es\/es\/producto\/camiseta-love-negro\/\",\"name\":\"Zapato Elegante - Vilalta Concept\",\"isPartOf\":{\"@id\":\"https:\/\/vilaltaconcept.es\/es\/#website\"},\"primaryImageOfPage\":{\"@id\":\"https:\/\/vilaltaconcept.es\/es\/producto\/camiseta-love-negro\/#primaryimage\"},\"image\":{\"@id\":\"https:\/\/vilaltaconcept.es\/es\/producto\/camiseta-love-negro\/#primaryimage\"},\"thumbnailUrl\":\"https:\/\/vilaltaconcept.es\/wp-content\/uploads\/2022\/08\/imagen_2025-12-24_115439667.jpg\",\"datePublished\":\"2022-08-10T11:48:03+00:00\",\"dateModified\":\"2025-12-24T10:55:16+00:00\",\"breadcrumb\":{\"@id\":\"https:\/\/vilaltaconcept.es\/es\/producto\/camiseta-love-negro\/#breadcrumb\"},\"inLanguage\":\"es\",\"potentialAction\":[{\"@type\":\"ReadAction\",\"target\":[\"https:\/\/vilaltaconcept.es\/es\/producto\/camiseta-love-negro\/\"]}]},{\"@type\":\"ImageObject\",\"inLanguage\":\"es\",\"@id\":\"https:\/\/vilaltaconcept.es\/es\/producto\/camiseta-love-negro\/#primaryimage\",\"url\":\"https:\/\/vilaltaconcept.es\/wp-content\/uploads\/2022\/08\/imagen_2025-12-24_115439667.jpg\",\"contentUrl\":\"https:\/\/vilaltaconcept.es\/wp-content\/uploads\/2022\/08\/imagen_2025-12-24_115439667.jpg\",\"width\":800,\"height\":800},{\"@type\":\"BreadcrumbList\",\"@id\":\"https:\/\/vilaltaconcept.es\/es\/producto\/camiseta-love-negro\/#breadcrumb\",\"itemListElement\":[{\"@type\":\"ListItem\",\"position\":1,\"name\":\"Portada\",\"item\":\"https:\/\/vilaltaconcept.es\/es\/\"},{\"@type\":\"ListItem\",\"position\":2,\"name\":\"Tienda\",\"item\":\"https:\/\/vilaltaconcept.es\/tienda\/\"},{\"@type\":\"ListItem\",\"position\":3,\"name\":\"Zapato Elegante\"}]},{\"@type\":\"WebSite\",\"@id\":\"https:\/\/vilaltaconcept.es\/es\/#website\",\"url\":\"https:\/\/vilaltaconcept.es\/es\/\",\"name\":\"Vilalta Concept\",\"description\":\"Tienda de zapatos Online\",\"publisher\":{\"@id\":\"https:\/\/vilaltaconcept.es\/es\/#organization\"},\"potentialAction\":[{\"@type\":\"SearchAction\",\"target\":{\"@type\":\"EntryPoint\",\"urlTemplate\":\"https:\/\/vilaltaconcept.es\/es\/?s={search_term_string}\"},\"query-input\":{\"@type\":\"PropertyValueSpecification\",\"valueRequired\":true,\"valueName\":\"search_term_string\"}}],\"inLanguage\":\"es\"},{\"@type\":\"Organization\",\"@id\":\"https:\/\/vilaltaconcept.es\/es\/#organization\",\"name\":\"Mira'm Badalona\",\"url\":\"https:\/\/vilaltaconcept.es\/es\/\",\"logo\":{\"@type\":\"ImageObject\",\"inLanguage\":\"es\",\"@id\":\"https:\/\/vilaltaconcept.es\/es\/#\/schema\/logo\/image\/\",\"url\":\"https:\/\/vilaltaconcept.es\/wp-content\/uploads\/2021\/10\/LOGO-QUADRAT.png\",\"contentUrl\":\"https:\/\/vilaltaconcept.es\/wp-content\/uploads\/2021\/10\/LOGO-QUADRAT.png\",\"width\":512,\"height\":512,\"caption\":\"Mira'm Badalona\"},\"image\":{\"@id\":\"https:\/\/vilaltaconcept.es\/es\/#\/schema\/logo\/image\/\"},\"sameAs\":[\"https:\/\/www.facebook.com\/mirambadalona\",\"https:\/\/www.instagram.com\/mirambadalona\/\"]}]}<\/script>\n<!-- \/ Yoast SEO plugin. -->","yoast_head_json":{"title":"Zapato Elegante - Vilalta Concept","robots":{"index":"index","follow":"follow","max-snippet":"max-snippet:-1","max-image-preview":"max-image-preview:large","max-video-preview":"max-video-preview:-1"},"canonical":"https:\/\/vilaltaconcept.es\/es\/producto\/camiseta-love-negro\/","og_locale":"es_ES","og_type":"article","og_title":"Zapato Elegante - Vilalta Concept","og_description":"Camiseta fluida y ligera de corte oversize, cuello redondo y manga larga en tejido jaspeado, \u00a1ultra c\u00f3moda! TALLA \u00daNICAComposici\u00f3n del producto:90% Viscosa5% Lino5% ElastanoCuidados: Consultar la etiqueta antes de lavar","og_url":"https:\/\/vilaltaconcept.es\/es\/producto\/camiseta-love-negro\/","og_site_name":"Vilalta Concept","article_publisher":"https:\/\/www.facebook.com\/mirambadalona","article_modified_time":"2025-12-24T10:55:16+00:00","og_image":[{"width":800,"height":800,"url":"https:\/\/vilaltaconcept.es\/wp-content\/uploads\/2022\/08\/imagen_2025-12-24_115439667.jpg","type":"image\/jpeg"}],"twitter_card":"summary_large_image","schema":{"@context":"https:\/\/schema.org","@graph":[{"@type":"WebPage","@id":"https:\/\/vilaltaconcept.es\/es\/producto\/camiseta-love-negro\/","url":"https:\/\/vilaltaconcept.es\/es\/producto\/camiseta-love-negro\/","name":"Zapato Elegante - Vilalta Concept","isPartOf":{"@id":"https:\/\/vilaltaconcept.es\/es\/#website"},"primaryImageOfPage":{"@id":"https:\/\/vilaltaconcept.es\/es\/producto\/camiseta-love-negro\/#primaryimage"},"image":{"@id":"https:\/\/vilaltaconcept.es\/es\/producto\/camiseta-love-negro\/#primaryimage"},"thumbnailUrl":"https:\/\/vilaltaconcept.es\/wp-content\/uploads\/2022\/08\/imagen_2025-12-24_115439667.jpg","datePublished":"2022-08-10T11:48:03+00:00","dateModified":"2025-12-24T10:55:16+00:00","breadcrumb":{"@id":"https:\/\/vilaltaconcept.es\/es\/producto\/camiseta-love-negro\/#breadcrumb"},"inLanguage":"es","potentialAction":[{"@type":"ReadAction","target":["https:\/\/vilaltaconcept.es\/es\/producto\/camiseta-love-negro\/"]}]},{"@type":"ImageObject","inLanguage":"es","@id":"https:\/\/vilaltaconcept.es\/es\/producto\/camiseta-love-negro\/#primaryimage","url":"https:\/\/vilaltaconcept.es\/wp-content\/uploads\/2022\/08\/imagen_2025-12-24_115439667.jpg","contentUrl":"https:\/\/vilaltaconcept.es\/wp-content\/uploads\/2022\/08\/imagen_2025-12-24_115439667.jpg","width":800,"height":800},{"@type":"BreadcrumbList","@id":"https:\/\/vilaltaconcept.es\/es\/producto\/camiseta-love-negro\/#breadcrumb","itemListElement":[{"@type":"ListItem","position":1,"name":"Portada","item":"https:\/\/vilaltaconcept.es\/es\/"},{"@type":"ListItem","position":2,"name":"Tienda","item":"https:\/\/vilaltaconcept.es\/tienda\/"},{"@type":"ListItem","position":3,"name":"Zapato Elegante"}]},{"@type":"WebSite","@id":"https:\/\/vilaltaconcept.es\/es\/#website","url":"https:\/\/vilaltaconcept.es\/es\/","name":"Vilalta Concept","description":"Tienda de zapatos Online","publisher":{"@id":"https:\/\/vilaltaconcept.es\/es\/#organization"},"potentialAction":[{"@type":"SearchAction","target":{"@type":"EntryPoint","urlTemplate":"https:\/\/vilaltaconcept.es\/es\/?s={search_term_string}"},"query-input":{"@type":"PropertyValueSpecification","valueRequired":true,"valueName":"search_term_string"}}],"inLanguage":"es"},{"@type":"Organization","@id":"https:\/\/vilaltaconcept.es\/es\/#organization","name":"Mira'm Badalona","url":"https:\/\/vilaltaconcept.es\/es\/","logo":{"@type":"ImageObject","inLanguage":"es","@id":"https:\/\/vilaltaconcept.es\/es\/#\/schema\/logo\/image\/","url":"https:\/\/vilaltaconcept.es\/wp-content\/uploads\/2021\/10\/LOGO-QUADRAT.png","contentUrl":"https:\/\/vilaltaconcept.es\/wp-content\/uploads\/2021\/10\/LOGO-QUADRAT.png","width":512,"height":512,"caption":"Mira'm Badalona"},"image":{"@id":"https:\/\/vilaltaconcept.es\/es\/#\/schema\/logo\/image\/"},"sameAs":["https:\/\/www.facebook.com\/mirambadalona","https:\/\/www.instagram.com\/mirambadalona\/"]}]}},"_links":{"self":[{"href":"https:\/\/vilaltaconcept.es\/es\/wp-json\/wp\/v2\/product\/10122","targetHints":{"allow":["GET"]}}],"collection":[{"href":"https:\/\/vilaltaconcept.es\/es\/wp-json\/wp\/v2\/product"}],"about":[{"href":"https:\/\/vilaltaconcept.es\/es\/wp-json\/wp\/v2\/types\/product"}],"replies":[{"embeddable":true,"href":"https:\/\/vilaltaconcept.es\/es\/wp-json\/wp\/v2\/comments?post=10122"}],"wp:featuredmedia":[{"embeddable":true,"href":"https:\/\/vilaltaconcept.es\/es\/wp-json\/wp\/v2\/media\/10820"}],"wp:attachment":[{"href":"https:\/\/vilaltaconcept.es\/es\/wp-json\/wp\/v2\/media?parent=10122"}],"wp:term":[{"taxonomy":"product_brand","embeddable":true,"href":"https:\/\/vilaltaconcept.es\/es\/wp-json\/wp\/v2\/product_brand?post=10122"},{"taxonomy":"product_cat","embeddable":true,"href":"https:\/\/vilaltaconcept.es\/es\/wp-json\/wp\/v2\/product_cat?post=10122"},{"taxonomy":"product_tag","embeddable":true,"href":"https:\/\/vilaltaconcept.es\/es\/wp-json\/wp\/v2\/product_tag?post=10122"}],"curies":[{"name":"wp","href":"https:\/\/api.w.org\/{rel}","templated":true}]}}