{"id":50,"date":"2025-12-18T13:28:30","date_gmt":"2025-12-18T12:28:30","guid":{"rendered":"http:\/\/www.mirambadalona.com.mialias.net\/?page_id=50"},"modified":"2025-12-18T13:30:50","modified_gmt":"2025-12-18T12:30:50","slug":"politica-de-privacidad","status":"publish","type":"page","link":"https:\/\/vilaltaconcept.es\/es\/politica-de-privacidad\/","title":{"rendered":"Pol\u00edtica de Privacidad"},"content":{"rendered":"\t\t<div data-elementor-type=\"wp-page\" data-elementor-id=\"50\" class=\"elementor elementor-50 elementor-10787\" data-elementor-post-type=\"page\">\n\t\t\t\t<div class=\"elementor-element elementor-element-911e5a5 e-flex e-con-boxed e-con e-parent\" data-id=\"911e5a5\" data-element_type=\"container\">\n\t\t\t\t\t<div class=\"e-con-inner\">\n\t\t\t\t<div class=\"elementor-element elementor-element-6dc29fe5 elementor-widget elementor-widget-text-editor\" data-id=\"6dc29fe5\" data-element_type=\"widget\" data-widget_type=\"text-editor.default\">\n\t\t\t\t<div class=\"elementor-widget-container\">\n\t\t\t\t\t\t\t\t\t<section data-id=\"745fad9\" data-element_type=\"section\"> <div> <div data-id=\"41a83ea\" data-element_type=\"column\"> <div> <div data-id=\"b167646\" data-element_type=\"widget\" data-widget_type=\"text-editor.default\">\n\nEn cumplimiento de lo establecido en la Ley Org\u00e1nica 15\/1999, de 13 de diciembre, de protecci\u00f3n de datos de car\u00e1cter personal y del Reglamento Europeo UE 2016\/679 le informamos de lo siguiente:\n\n<div><\/div> <\/div> <div data-id=\"0de379a\" data-element_type=\"widget\" data-widget_type=\"heading.default\"> <div> <h2><strong>Identidad y datos de contacto del responsable del tratamiento<\/strong><\/h2> <\/div> <\/div> <div data-id=\"a35a215\" data-element_type=\"widget\" data-widget_type=\"text-editor.default\"> <div>Comunicamos que los datos que usted nos facilite quedar\u00e1n incorporados y ser\u00e1n tratados en los ficheros titularidad de VILALTA MARZO, S.A con NIF A60159449, debidamente inscritos en el Registro General de Protecci\u00f3n de Datos, con el fin de poder prestar nuestros servicios, as\u00ed como para mantenerle informado sobre cuestiones relativas a la actividad de la empresa y sus servicios.<\/div> <div><\/div> <\/div> <div data-id=\"5338378\" data-element_type=\"widget\" data-widget_type=\"heading.default\"> <div> <h2><strong>Modalidad de recogida y tratamiento de los datos<\/strong><\/h2> <\/div> <\/div> <div data-id=\"8423906\" data-element_type=\"widget\" data-widget_type=\"text-editor.default\"> <div>Los datos se recogen directamente del interesado, en forma presencial o mediante el formulario de nuestra web corporativa, facilitando al mismo toda la informaci\u00f3n necesaria que prev\u00e9 la ley. El tratamiento se realiza mediante instrumentos automatizados en cumplimiento de la normativa y de conformidad con los principios de correcci\u00f3n, licitud, transparencia y tutela de su confidencialidad y derechos. Nuestro sistema inform\u00e1tico est\u00e1 estructurado de manera que se pueda prevenir la p\u00e9rdida de datos, usos il\u00edcitos o no correctos y accesos no autorizados, cumpliendo con las normas de seguridad exigibles.<\/div> <div><\/div> <\/div> <div data-id=\"69fe445\" data-element_type=\"widget\" data-widget_type=\"heading.default\"> <div> <h2><strong>Base jur\u00eddica &#8211; Finalidad del tratamiento<\/strong><\/h2> <\/div> <\/div> <div data-id=\"3517d21\" data-element_type=\"widget\" data-widget_type=\"text-editor.default\"> <div>Los datos comunicados ser\u00e1n \u00fanicamente los estrictamente indispensables para la ejecuci\u00f3n de la prestaci\u00f3n solicitada: presupuestos, facturas, informes, \u2026 La comunicaci\u00f3n de estos datos es obligatoria para poder dar ejecuci\u00f3n a los servicios que se le han ofrecido y una posible denegaci\u00f3n de la comunicaci\u00f3n por su parte comportar\u00e1 para esta empresa la imposibilidad de cumplir con las prestaciones acordadas.<\/div> <div><\/div> <\/div> <div data-id=\"8a91058\" data-element_type=\"widget\" data-widget_type=\"heading.default\"> <div> <h2><strong>Destinatarios a los que se les puede comunicar sus datos<\/strong><\/h2> <\/div> <\/div> <div data-id=\"7281144\" data-element_type=\"widget\" data-widget_type=\"text-editor.default\"> <div>Sus datos no se comunicar\u00e1n a terceros, excepto cuando sea necesario e indispensable (o, en todo caso, funcional) para el desarrollo de los servicios que nos ha pedido o haya una obligaci\u00f3n legal. Se realizar\u00e1n otras posibles comunicaciones a otros sujetos (autorizados, nombrados e instruidos espec\u00edficamente por el Responsable). Sus datos no se difundir\u00e1n a terceros sin que usted haya prestado previamente y expresamente su consentimiento y no ser\u00e1n objeto de transmisi\u00f3n, bajo ning\u00fan concepto, a terceros pa\u00edses fuera de la UE.<\/div> <div><\/div> <\/div> <div data-id=\"276f313\" data-element_type=\"widget\" data-widget_type=\"heading.default\"> <div> <h2><strong>Duraci\u00f3n de la conservaci\u00f3n de los datos de car\u00e1cter personal<\/strong><\/h2> <\/div> <\/div> <div data-id=\"4af78ae\" data-element_type=\"widget\" data-widget_type=\"text-editor.default\"> <div>Sus datos de car\u00e1cter personal se conservar\u00e1n durante el tiempo considerado \u00fatil para la ejecuci\u00f3n de la prestaci\u00f3n solicitada o para la gesti\u00f3n de actividades administrativas posteriores. nos comprometemos a tratar de forma confidencial los datos de car\u00e1cter personal facilitados y volverlas al interesado o destruir una vez finalizada la relaci\u00f3n contractual.<\/div> <div><\/div> <\/div> <div data-id=\"58bb2d1\" data-element_type=\"widget\" data-widget_type=\"heading.default\"> <div> <h2><strong>Derechos del interesado y revocaci\u00f3n del consentimiento prestado<\/strong><\/h2> <\/div> <\/div> <div data-id=\"bb0d996\" data-element_type=\"widget\" data-widget_type=\"text-editor.default\"> <div>Usted tiene derecho a solicitar al titular, en cualquier momento, el acceso a sus datos, as\u00ed como la rectificaci\u00f3n, la cancelaci\u00f3n o la portabilidad de los mismos. Asimismo tiene derecho a solicitar la limitaci\u00f3n del tratamiento o oponerse a este. Adem\u00e1s, podr\u00e1 revocar en cualquier momento los consentimientos prestados a trav\u00e9s de la presente nota informativa, dirigiendo su solicitud a info@vilaltaconcept.es, aportando acreditaci\u00f3n de su identidad. En caso de que considere que sus datos hayan sido tratados de manera ileg\u00edtima, tiene derecho a dirigirse a la Autoridad de Control para presentar una reclamaci\u00f3n.<\/div> <div><\/div> <\/div> <div data-id=\"a59a993\" data-element_type=\"widget\" data-widget_type=\"heading.default\"> <div> <h2><strong>Procesos de decisi\u00f3n automatizados. y Consentimiento expreso<\/strong><\/h2> <\/div> <\/div> <div data-id=\"b876008\" data-element_type=\"widget\" data-widget_type=\"text-editor.default\"> <div>El titular no utiliza, de ninguna manera, procesos de decisi\u00f3n automatizados concernientes a sus datos de car\u00e1cter personal. Con el env\u00edo de sus datos de car\u00e1cter personal a trav\u00e9s de nuestro formulario en la web usted da fe de la exactitud y actualizaci\u00f3n de los mismos, que ha sido informado de forma comprensible, precisa e inequ\u00edvoca del uso y tratamiento que se aplicaran a sus datos, de los derechos que le asisten y que da su consentimiento expreso para que los podamos utilizar \u00fanica y exclusivamente para el fin concreto del servicio contratado.<\/div> <\/div> <\/div> <\/div> <\/div> <\/section>\t\t\t\t\t\t\t\t<\/div>\n\t\t\t\t<\/div>\n\t\t\t\t\t<\/div>\n\t\t\t\t<\/div>\n\t\t\t\t<\/div>\n\t\t","protected":false},"excerpt":{"rendered":"<p>En cumplimiento de lo establecido en la Ley Org\u00e1nica 15\/1999, de 13 de diciembre, de protecci\u00f3n de datos de car\u00e1cter personal y del Reglamento Europeo UE 2016\/679 le informamos de lo siguiente: Identidad y datos de contacto del responsable del tratamiento Comunicamos que los datos que usted nos facilite quedar\u00e1n incorporados y ser\u00e1n tratados en [&hellip;]<\/p>\n","protected":false},"author":69,"featured_media":0,"parent":0,"menu_order":0,"comment_status":"closed","ping_status":"closed","template":"","meta":{"site-sidebar-layout":"default","site-content-layout":"","ast-site-content-layout":"default","site-content-style":"default","site-sidebar-style":"default","ast-global-header-display":"","ast-banner-title-visibility":"","ast-main-header-display":"","ast-hfb-above-header-display":"","ast-hfb-below-header-display":"","ast-hfb-mobile-header-display":"","site-post-title":"","ast-breadcrumbs-content":"","ast-featured-img":"","footer-sml-layout":"","ast-disable-related-posts":"","theme-transparent-header-meta":"","adv-header-id-meta":"","stick-header-meta":"","header-above-stick-meta":"","header-main-stick-meta":"","header-below-stick-meta":"","astra-migrate-meta-layouts":"set","ast-page-background-enabled":"default","ast-page-background-meta":{"desktop":{"background-color":"","background-image":"","background-repeat":"repeat","background-position":"center center","background-size":"auto","background-attachment":"scroll","background-type":"","background-media":"","overlay-type":"","overlay-color":"","overlay-opacity":"","overlay-gradient":""},"tablet":{"background-color":"","background-image":"","background-repeat":"repeat","background-position":"center center","background-size":"auto","background-attachment":"scroll","background-type":"","background-media":"","overlay-type":"","overlay-color":"","overlay-opacity":"","overlay-gradient":""},"mobile":{"background-color":"","background-image":"","background-repeat":"repeat","background-position":"center center","background-size":"auto","background-attachment":"scroll","background-type":"","background-media":"","overlay-type":"","overlay-color":"","overlay-opacity":"","overlay-gradient":""}},"ast-content-background-meta":{"desktop":{"background-color":"var(--ast-global-color-5)","background-image":"","background-repeat":"repeat","background-position":"center center","background-size":"auto","background-attachment":"scroll","background-type":"","background-media":"","overlay-type":"","overlay-color":"","overlay-opacity":"","overlay-gradient":""},"tablet":{"background-color":"var(--ast-global-color-5)","background-image":"","background-repeat":"repeat","background-position":"center center","background-size":"auto","background-attachment":"scroll","background-type":"","background-media":"","overlay-type":"","overlay-color":"","overlay-opacity":"","overlay-gradient":""},"mobile":{"background-color":"var(--ast-global-color-5)","background-image":"","background-repeat":"repeat","background-position":"center center","background-size":"auto","background-attachment":"scroll","background-type":"","background-media":"","overlay-type":"","overlay-color":"","overlay-opacity":"","overlay-gradient":""}},"footnotes":""},"class_list":["post-50","page","type-page","status-publish","hentry"],"yoast_head":"<!-- This site is optimized with the Yoast SEO plugin v26.6 - https:\/\/yoast.com\/wordpress\/plugins\/seo\/ -->\n<title>Pol\u00edtica de Privacidad - Vilalta Concept<\/title>\n<meta name=\"robots\" content=\"noindex, nofollow\" \/>\n<meta property=\"og:locale\" content=\"es_ES\" \/>\n<meta property=\"og:type\" content=\"article\" \/>\n<meta property=\"og:title\" content=\"Pol\u00edtica de Privacidad - Vilalta Concept\" \/>\n<meta property=\"og:description\" content=\"En cumplimiento de lo establecido en la Ley Org\u00e1nica 15\/1999, de 13 de diciembre, de protecci\u00f3n de datos de car\u00e1cter personal y del Reglamento Europeo UE 2016\/679 le informamos de lo siguiente: Identidad y datos de contacto del responsable del tratamiento Comunicamos que los datos que usted nos facilite quedar\u00e1n incorporados y ser\u00e1n tratados en [&hellip;]\" \/>\n<meta property=\"og:url\" content=\"https:\/\/vilaltaconcept.es\/es\/politica-de-privacidad\/\" \/>\n<meta property=\"og:site_name\" content=\"Vilalta Concept\" \/>\n<meta property=\"article:publisher\" content=\"https:\/\/www.facebook.com\/mirambadalona\" \/>\n<meta property=\"article:modified_time\" content=\"2025-12-18T12:30:50+00:00\" \/>\n<meta name=\"twitter:card\" content=\"summary_large_image\" \/>\n<meta name=\"twitter:label1\" content=\"Tiempo de lectura\" \/>\n\t<meta name=\"twitter:data1\" content=\"3 minutos\" \/>\n<script type=\"application\/ld+json\" class=\"yoast-schema-graph\">{\"@context\":\"https:\/\/schema.org\",\"@graph\":[{\"@type\":\"WebPage\",\"@id\":\"https:\/\/vilaltaconcept.es\/es\/politica-de-privacidad\/\",\"url\":\"https:\/\/vilaltaconcept.es\/es\/politica-de-privacidad\/\",\"name\":\"Pol\u00edtica de Privacidad - Vilalta Concept\",\"isPartOf\":{\"@id\":\"https:\/\/vilaltaconcept.es\/es\/#website\"},\"datePublished\":\"2025-12-18T12:28:30+00:00\",\"dateModified\":\"2025-12-18T12:30:50+00:00\",\"breadcrumb\":{\"@id\":\"https:\/\/vilaltaconcept.es\/es\/politica-de-privacidad\/#breadcrumb\"},\"inLanguage\":\"es\",\"potentialAction\":[{\"@type\":\"ReadAction\",\"target\":[\"https:\/\/vilaltaconcept.es\/es\/politica-de-privacidad\/\"]}]},{\"@type\":\"BreadcrumbList\",\"@id\":\"https:\/\/vilaltaconcept.es\/es\/politica-de-privacidad\/#breadcrumb\",\"itemListElement\":[{\"@type\":\"ListItem\",\"position\":1,\"name\":\"Portada\",\"item\":\"https:\/\/vilaltaconcept.es\/es\/\"},{\"@type\":\"ListItem\",\"position\":2,\"name\":\"Pol\u00edtica de Privacidad\"}]},{\"@type\":\"WebSite\",\"@id\":\"https:\/\/vilaltaconcept.es\/es\/#website\",\"url\":\"https:\/\/vilaltaconcept.es\/es\/\",\"name\":\"Vilalta Concept\",\"description\":\"Tienda de zapatos Online\",\"publisher\":{\"@id\":\"https:\/\/vilaltaconcept.es\/es\/#organization\"},\"potentialAction\":[{\"@type\":\"SearchAction\",\"target\":{\"@type\":\"EntryPoint\",\"urlTemplate\":\"https:\/\/vilaltaconcept.es\/es\/?s={search_term_string}\"},\"query-input\":{\"@type\":\"PropertyValueSpecification\",\"valueRequired\":true,\"valueName\":\"search_term_string\"}}],\"inLanguage\":\"es\"},{\"@type\":\"Organization\",\"@id\":\"https:\/\/vilaltaconcept.es\/es\/#organization\",\"name\":\"Mira'm Badalona\",\"url\":\"https:\/\/vilaltaconcept.es\/es\/\",\"logo\":{\"@type\":\"ImageObject\",\"inLanguage\":\"es\",\"@id\":\"https:\/\/vilaltaconcept.es\/es\/#\/schema\/logo\/image\/\",\"url\":\"https:\/\/vilaltaconcept.es\/wp-content\/uploads\/2021\/10\/LOGO-QUADRAT.png\",\"contentUrl\":\"https:\/\/vilaltaconcept.es\/wp-content\/uploads\/2021\/10\/LOGO-QUADRAT.png\",\"width\":512,\"height\":512,\"caption\":\"Mira'm Badalona\"},\"image\":{\"@id\":\"https:\/\/vilaltaconcept.es\/es\/#\/schema\/logo\/image\/\"},\"sameAs\":[\"https:\/\/www.facebook.com\/mirambadalona\",\"https:\/\/www.instagram.com\/mirambadalona\/\"]}]}<\/script>\n<!-- \/ Yoast SEO plugin. -->","yoast_head_json":{"title":"Pol\u00edtica de Privacidad - Vilalta Concept","robots":{"index":"noindex","follow":"nofollow"},"og_locale":"es_ES","og_type":"article","og_title":"Pol\u00edtica de Privacidad - Vilalta Concept","og_description":"En cumplimiento de lo establecido en la Ley Org\u00e1nica 15\/1999, de 13 de diciembre, de protecci\u00f3n de datos de car\u00e1cter personal y del Reglamento Europeo UE 2016\/679 le informamos de lo siguiente: Identidad y datos de contacto del responsable del tratamiento Comunicamos que los datos que usted nos facilite quedar\u00e1n incorporados y ser\u00e1n tratados en [&hellip;]","og_url":"https:\/\/vilaltaconcept.es\/es\/politica-de-privacidad\/","og_site_name":"Vilalta Concept","article_publisher":"https:\/\/www.facebook.com\/mirambadalona","article_modified_time":"2025-12-18T12:30:50+00:00","twitter_card":"summary_large_image","twitter_misc":{"Tiempo de lectura":"3 minutos"},"schema":{"@context":"https:\/\/schema.org","@graph":[{"@type":"WebPage","@id":"https:\/\/vilaltaconcept.es\/es\/politica-de-privacidad\/","url":"https:\/\/vilaltaconcept.es\/es\/politica-de-privacidad\/","name":"Pol\u00edtica de Privacidad - Vilalta Concept","isPartOf":{"@id":"https:\/\/vilaltaconcept.es\/es\/#website"},"datePublished":"2025-12-18T12:28:30+00:00","dateModified":"2025-12-18T12:30:50+00:00","breadcrumb":{"@id":"https:\/\/vilaltaconcept.es\/es\/politica-de-privacidad\/#breadcrumb"},"inLanguage":"es","potentialAction":[{"@type":"ReadAction","target":["https:\/\/vilaltaconcept.es\/es\/politica-de-privacidad\/"]}]},{"@type":"BreadcrumbList","@id":"https:\/\/vilaltaconcept.es\/es\/politica-de-privacidad\/#breadcrumb","itemListElement":[{"@type":"ListItem","position":1,"name":"Portada","item":"https:\/\/vilaltaconcept.es\/es\/"},{"@type":"ListItem","position":2,"name":"Pol\u00edtica de Privacidad"}]},{"@type":"WebSite","@id":"https:\/\/vilaltaconcept.es\/es\/#website","url":"https:\/\/vilaltaconcept.es\/es\/","name":"Vilalta Concept","description":"Tienda de zapatos Online","publisher":{"@id":"https:\/\/vilaltaconcept.es\/es\/#organization"},"potentialAction":[{"@type":"SearchAction","target":{"@type":"EntryPoint","urlTemplate":"https:\/\/vilaltaconcept.es\/es\/?s={search_term_string}"},"query-input":{"@type":"PropertyValueSpecification","valueRequired":true,"valueName":"search_term_string"}}],"inLanguage":"es"},{"@type":"Organization","@id":"https:\/\/vilaltaconcept.es\/es\/#organization","name":"Mira'm Badalona","url":"https:\/\/vilaltaconcept.es\/es\/","logo":{"@type":"ImageObject","inLanguage":"es","@id":"https:\/\/vilaltaconcept.es\/es\/#\/schema\/logo\/image\/","url":"https:\/\/vilaltaconcept.es\/wp-content\/uploads\/2021\/10\/LOGO-QUADRAT.png","contentUrl":"https:\/\/vilaltaconcept.es\/wp-content\/uploads\/2021\/10\/LOGO-QUADRAT.png","width":512,"height":512,"caption":"Mira'm Badalona"},"image":{"@id":"https:\/\/vilaltaconcept.es\/es\/#\/schema\/logo\/image\/"},"sameAs":["https:\/\/www.facebook.com\/mirambadalona","https:\/\/www.instagram.com\/mirambadalona\/"]}]}},"_links":{"self":[{"href":"https:\/\/vilaltaconcept.es\/es\/wp-json\/wp\/v2\/pages\/50","targetHints":{"allow":["GET"]}}],"collection":[{"href":"https:\/\/vilaltaconcept.es\/es\/wp-json\/wp\/v2\/pages"}],"about":[{"href":"https:\/\/vilaltaconcept.es\/es\/wp-json\/wp\/v2\/types\/page"}],"author":[{"embeddable":true,"href":"https:\/\/vilaltaconcept.es\/es\/wp-json\/wp\/v2\/users\/69"}],"replies":[{"embeddable":true,"href":"https:\/\/vilaltaconcept.es\/es\/wp-json\/wp\/v2\/comments?post=50"}],"version-history":[{"count":14,"href":"https:\/\/vilaltaconcept.es\/es\/wp-json\/wp\/v2\/pages\/50\/revisions"}],"predecessor-version":[{"id":10789,"href":"https:\/\/vilaltaconcept.es\/es\/wp-json\/wp\/v2\/pages\/50\/revisions\/10789"}],"wp:attachment":[{"href":"https:\/\/vilaltaconcept.es\/es\/wp-json\/wp\/v2\/media?parent=50"}],"curies":[{"name":"wp","href":"https:\/\/api.w.org\/{rel}","templated":true}]}}