{"id":2153,"date":"2025-12-18T12:35:54","date_gmt":"2025-12-18T11:35:54","guid":{"rendered":"http:\/\/www.mirambadalona.com.mialias.net\/politica-de-cookies\/"},"modified":"2025-12-18T13:09:15","modified_gmt":"2025-12-18T12:09:15","slug":"politica-de-cookies","status":"publish","type":"page","link":"https:\/\/vilaltaconcept.es\/es\/politica-de-cookies\/","title":{"rendered":"Pol\u00edtica de cookies"},"content":{"rendered":"\t\t<div data-elementor-type=\"wp-page\" data-elementor-id=\"2153\" class=\"elementor elementor-2153 elementor-10762\" data-elementor-post-type=\"page\">\n\t\t\t\t<div class=\"elementor-element elementor-element-7dddfa79 e-flex e-con-boxed e-con e-parent\" data-id=\"7dddfa79\" data-element_type=\"container\">\n\t\t\t\t\t<div class=\"e-con-inner\">\n\t\t\t\t<div class=\"elementor-element elementor-element-6acad093 elementor-widget elementor-widget-text-editor\" data-id=\"6acad093\" data-element_type=\"widget\" data-widget_type=\"text-editor.default\">\n\t\t\t\t<div class=\"elementor-widget-container\">\n\t\t\t\t\t\t\t\t\t<section class=\"elementor-section elementor-top-section elementor-element elementor-element-7b10d92 elementor-section-boxed elementor-section-height-default elementor-section-height-default\" data-id=\"7b10d92\" data-element_type=\"section\"> <div class=\"elementor-container elementor-column-gap-default\"> <div class=\"elementor-column elementor-col-100 elementor-top-column elementor-element elementor-element-1808798\" data-id=\"1808798\" data-element_type=\"column\"> <div class=\"elementor-widget-wrap elementor-element-populated\"> <div class=\"elementor-element elementor-element-df31108 elementor-widget elementor-widget-text-editor\" data-id=\"df31108\" data-element_type=\"widget\" data-widget_type=\"text-editor.default\"> <div class=\"elementor-widget-container\">Asimismo, www.vilaltaconcept.es informa al usuario que tiene la posibilidad de configurar su navegador para ser informado de la recepci\u00f3n de cookies, pudiendo, si as\u00ed lo desea, impedir que se instalen en su disco duro.<\/div> <\/div> <div class=\"elementor-element elementor-element-7955598 elementor-widget elementor-widget-text-editor\" data-id=\"7955598\" data-element_type=\"widget\" data-widget_type=\"text-editor.default\"> <div class=\"elementor-widget-container\">A continuaci\u00f3n, le proporcionamos los enlaces de diversos navegadores, a trav\u00e9s de los cuales podr\u00e1 realizar esta configuraci\u00f3n:<\/div> <\/div> <div class=\"elementor-element elementor-element-999c82d elementor-widget elementor-widget-text-editor\" data-id=\"999c82d\" data-element_type=\"widget\" data-widget_type=\"text-editor.default\"> <div class=\"elementor-widget-container\"> <ul> \u00a0 <li>Firefox desde aqu\u00ed: http:\/\/support.mozilla.org\/es\/kb\/habilitar-y-deshabilitar-cookies-que-los-sitios-we<\/li> \u00a0 <li>Chrome desde aqu\u00ed: http:\/\/support.google.com\/chrome\/bin\/answer.py?hl=es&amp;answer=95647<\/li> \u00a0 <li>Explorer desde aqu\u00ed: http:\/\/windows.microsoft.com\/es-es\/internet-explorer\/delete-manage-cookies#ie=ie-10<\/li> \u00a0 <li>Safari desde aqu\u00ed: https:\/\/support.apple.com\/kb\/ph17191?locale=es_ES<\/li> \u00a0 <li>Opera desde aqu\u00ed: https:\/\/help.opera.com\/en\/latest\/web-preferences\/#cookies<\/li> <\/ul> <\/div> <\/div> <div class=\"elementor-element elementor-element-2d0e75d elementor-widget elementor-widget-text-editor\" data-id=\"2d0e75d\" data-element_type=\"widget\" data-widget_type=\"text-editor.default\"> <div class=\"elementor-widget-container\">Una cookie es un archivo que se descarga en su ordenador al acceder a determinadas p\u00e1ginas web. Las cookies permiten a una p\u00e1gina web, entre otras cosas, almacenar y recuperar informaci\u00f3n sobre los h\u00e1bitos de navegaci\u00f3n de un usuario o de su equipo y, dependiendo de la informaci\u00f3n que contengan y de la forma en que utilice su equipo, pueden utilizarse para reconocer al usuario.<\/div> <\/div> <div class=\"elementor-element elementor-element-9ade843 elementor-widget elementor-widget-text-editor\" data-id=\"9ade843\" data-element_type=\"widget\" data-widget_type=\"text-editor.default\"> <div class=\"elementor-widget-container\">Las cookies son esenciales para el funcionamiento de Internet, aportando innumerables ventajas en la prestaci\u00f3n de servicios interactivos, facilitando la navigation y la usabilidad de nuestra web.<\/div> <\/div> <div class=\"elementor-element elementor-element-48eb1a5 elementor-widget elementor-widget-text-editor\" data-id=\"48eb1a5\" data-element_type=\"widget\" data-widget_type=\"text-editor.default\"> <div class=\"elementor-widget-container\">La informaci\u00f3n que le proporcionamos a continuaci\u00f3n le ayudar\u00e1 a comprender los diferentes tipos de cookies:<\/div> <\/div> <div class=\"elementor-element elementor-element-760b7dd elementor-widget elementor-widget-text-editor\" data-id=\"760b7dd\" data-element_type=\"widget\" data-widget_type=\"text-editor.default\"> <div class=\"elementor-widget-container\"> <ul> \u00a0 <li><strong>SEG\u00daN LA ENTIDAD QUE LAS GESTIONE<\/strong><\/li> <\/ul> <\/div> <\/div> <div class=\"elementor-element elementor-element-e3f8388 elementor-widget elementor-widget-text-editor\" data-id=\"e3f8388\" data-element_type=\"widget\" data-widget_type=\"text-editor.default\"> <div class=\"elementor-widget-container\"> <ol> \u00a0 <li style=\"list-style-type: none;\"> <ol> \u00a0 <li>Cookies propias: Son aquellas que se recogen por el propio editor para prestar el servicio solicitado por el usuario.<\/li> \u00a0 <li>Cookies de terceros: Son aquellas que son recogidas y gestionadas por un tercero; estas no pueden considerarse propias.<\/li> <\/ol> <\/li> <\/ol> <\/div> <\/div> <div class=\"elementor-element elementor-element-56accaf elementor-widget elementor-widget-text-editor\" data-id=\"56accaf\" data-element_type=\"widget\" data-widget_type=\"text-editor.default\"> <div class=\"elementor-widget-container\"> <ul> \u00a0 <li><strong>SEG\u00daN EL PLAZO DE TIEMPO QUE PERMANEZCAN ACTIVADAS<\/strong><\/li> <\/ul> <\/div> <\/div> <div class=\"elementor-element elementor-element-140b32a elementor-widget elementor-widget-text-editor\" data-id=\"140b32a\" data-element_type=\"widget\" data-widget_type=\"text-editor.default\"> <div class=\"elementor-widget-container\"> <ol> \u00a0 <li style=\"list-style-type: none;\"> <ol> \u00a0 <li>Cookies de sesi\u00f3n: Recogen datos mientras el usuario navega por la red con la finalidad de prestar el servicio solicitado.<\/li> \u00a0 <li>Cookies persistentes: Se almacenan en el terminal y la informaci\u00f3n obtenida ser\u00e1 utilizada por el responsable de la cookie con la finalidad de prestar el servicio solicitado.<\/li> <\/ol> <\/li> <\/ol> <\/div> <\/div> <div class=\"elementor-element elementor-element-37957c2 elementor-widget elementor-widget-text-editor\" data-id=\"37957c2\" data-element_type=\"widget\" data-widget_type=\"text-editor.default\"> <div class=\"elementor-widget-container\"> <ul> \u00a0 <li><strong>SEG\u00daN SU FINALIDAD<\/strong><\/li> <\/ul> <\/div> <\/div> <div class=\"elementor-element elementor-element-b12929a elementor-widget elementor-widget-text-editor\" data-id=\"b12929a\" data-element_type=\"widget\" data-widget_type=\"text-editor.default\"> <div class=\"elementor-widget-container\"> <ol> \u00a0 <li style=\"list-style-type: none;\"> <ol> \u00a0 <li>Cookies t\u00e9cnicas: Son las necesarias para la correcta navegaci\u00f3n por la web.<\/li> \u00a0 <li>Cookies de personalizaci\u00f3n: Permiten al usuario configurar caracter\u00edsticas (idioma) para la navegaci\u00f3n por la web.<\/li> \u00a0 <li>Cookies de an\u00e1lisis: Permiten al proveedor realizar un an\u00e1lisis vinculado a la navegaci\u00f3n realizada por el usuario, con el fin de llevar un seguimiento del uso de la p\u00e1gina web, as\u00ed como elaborar estad\u00edsticas de los contenidos m\u00e1s visitados, n\u00famero de visitantes, etc.<\/li> \u00a0 <li>Cookies publicitarias: Permiten al editor incluir en la web espacios publicitarios, seg\u00fan el contenido de la propia web.<\/li> \u00a0 <li>Cookies de publicidad comportamental: Permiten al editor incluir en la p\u00e1gina web espacios publicitarios seg\u00fan la informaci\u00f3n obtenida a trav\u00e9s de los h\u00e1bitos de navegaci\u00f3n del usuario.<\/li> <\/ol> <\/li> <\/ol> <\/div> <\/div> <div class=\"elementor-element elementor-element-19ef28e elementor-widget elementor-widget-text-editor\" data-id=\"19ef28e\" data-element_type=\"widget\" data-widget_type=\"text-editor.default\"> <div class=\"elementor-widget-container\">Seg\u00fan lo dispuesto en el art\u00edculo 22.2 de la Ley 34\/2002, de 11 de julio, de servicios de la sociedad de la informaci\u00f3n y de comercio electr\u00f3nico (LSSI-CE), www.vilaltaconcept.es, titularidad de <strong>VILALTA MARZO, S.A<\/strong>, con domicilio en <strong>C. Francesc Layret, 24<\/strong>, correo electr\u00f3nico <strong>info@vilaltaconcept.es<\/strong> y DNI\/CIF <strong>A60159449<\/strong>, informa de las cookies utilizadas en nuestro sitio web:<\/div> <\/div> <\/div> <\/div> <\/div> <\/section>\t\t\t\t\t\t\t\t<\/div>\n\t\t\t\t<\/div>\n\t\t\t\t\t<\/div>\n\t\t\t\t<\/div>\n\t\t\t\t<\/div>\n\t\t","protected":false},"excerpt":{"rendered":"<p>Asimismo, www.vilaltaconcept.es informa al usuario que tiene la posibilidad de configurar su navegador para ser informado de la recepci\u00f3n de cookies, pudiendo, si as\u00ed lo desea, impedir que se instalen en su disco duro. A continuaci\u00f3n, le proporcionamos los enlaces de diversos navegadores, a trav\u00e9s de los cuales podr\u00e1 realizar esta configuraci\u00f3n: \u00a0 Firefox desde [&hellip;]<\/p>\n","protected":false},"author":69,"featured_media":0,"parent":0,"menu_order":0,"comment_status":"closed","ping_status":"closed","template":"","meta":{"site-sidebar-layout":"default","site-content-layout":"","ast-site-content-layout":"default","site-content-style":"default","site-sidebar-style":"default","ast-global-header-display":"","ast-banner-title-visibility":"","ast-main-header-display":"","ast-hfb-above-header-display":"","ast-hfb-below-header-display":"","ast-hfb-mobile-header-display":"","site-post-title":"","ast-breadcrumbs-content":"","ast-featured-img":"","footer-sml-layout":"","ast-disable-related-posts":"","theme-transparent-header-meta":"default","adv-header-id-meta":"","stick-header-meta":"","header-above-stick-meta":"","header-main-stick-meta":"","header-below-stick-meta":"","astra-migrate-meta-layouts":"set","ast-page-background-enabled":"default","ast-page-background-meta":{"desktop":{"background-color":"","background-image":"","background-repeat":"repeat","background-position":"center center","background-size":"auto","background-attachment":"scroll","background-type":"","background-media":"","overlay-type":"","overlay-color":"","overlay-opacity":"","overlay-gradient":""},"tablet":{"background-color":"","background-image":"","background-repeat":"repeat","background-position":"center center","background-size":"auto","background-attachment":"scroll","background-type":"","background-media":"","overlay-type":"","overlay-color":"","overlay-opacity":"","overlay-gradient":""},"mobile":{"background-color":"","background-image":"","background-repeat":"repeat","background-position":"center center","background-size":"auto","background-attachment":"scroll","background-type":"","background-media":"","overlay-type":"","overlay-color":"","overlay-opacity":"","overlay-gradient":""}},"ast-content-background-meta":{"desktop":{"background-color":"var(--ast-global-color-5)","background-image":"","background-repeat":"repeat","background-position":"center center","background-size":"auto","background-attachment":"scroll","background-type":"","background-media":"","overlay-type":"","overlay-color":"","overlay-opacity":"","overlay-gradient":""},"tablet":{"background-color":"var(--ast-global-color-5)","background-image":"","background-repeat":"repeat","background-position":"center center","background-size":"auto","background-attachment":"scroll","background-type":"","background-media":"","overlay-type":"","overlay-color":"","overlay-opacity":"","overlay-gradient":""},"mobile":{"background-color":"var(--ast-global-color-5)","background-image":"","background-repeat":"repeat","background-position":"center center","background-size":"auto","background-attachment":"scroll","background-type":"","background-media":"","overlay-type":"","overlay-color":"","overlay-opacity":"","overlay-gradient":""}},"footnotes":""},"class_list":["post-2153","page","type-page","status-publish","hentry"],"yoast_head":"<!-- This site is optimized with the Yoast SEO plugin v26.6 - https:\/\/yoast.com\/wordpress\/plugins\/seo\/ -->\n<title>Pol\u00edtica de cookies - Vilalta Concept<\/title>\n<meta name=\"robots\" content=\"noindex, nofollow\" \/>\n<meta property=\"og:locale\" content=\"es_ES\" \/>\n<meta property=\"og:type\" content=\"article\" \/>\n<meta property=\"og:title\" content=\"Pol\u00edtica de cookies - Vilalta Concept\" \/>\n<meta property=\"og:description\" content=\"Asimismo, www.vilaltaconcept.es informa al usuario que tiene la posibilidad de configurar su navegador para ser informado de la recepci\u00f3n de cookies, pudiendo, si as\u00ed lo desea, impedir que se instalen en su disco duro. A continuaci\u00f3n, le proporcionamos los enlaces de diversos navegadores, a trav\u00e9s de los cuales podr\u00e1 realizar esta configuraci\u00f3n: \u00a0 Firefox desde [&hellip;]\" \/>\n<meta property=\"og:url\" content=\"https:\/\/vilaltaconcept.es\/es\/politica-de-cookies\/\" \/>\n<meta property=\"og:site_name\" content=\"Vilalta Concept\" \/>\n<meta property=\"article:publisher\" content=\"https:\/\/www.facebook.com\/mirambadalona\" \/>\n<meta property=\"article:modified_time\" content=\"2025-12-18T12:09:15+00:00\" \/>\n<meta name=\"twitter:card\" content=\"summary_large_image\" \/>\n<meta name=\"twitter:label1\" content=\"Tiempo de lectura\" \/>\n\t<meta name=\"twitter:data1\" content=\"3 minutos\" \/>\n<script type=\"application\/ld+json\" class=\"yoast-schema-graph\">{\"@context\":\"https:\/\/schema.org\",\"@graph\":[{\"@type\":\"WebPage\",\"@id\":\"https:\/\/vilaltaconcept.es\/es\/politica-de-cookies\/\",\"url\":\"https:\/\/vilaltaconcept.es\/es\/politica-de-cookies\/\",\"name\":\"Pol\u00edtica de cookies - Vilalta Concept\",\"isPartOf\":{\"@id\":\"https:\/\/vilaltaconcept.es\/es\/#website\"},\"datePublished\":\"2025-12-18T11:35:54+00:00\",\"dateModified\":\"2025-12-18T12:09:15+00:00\",\"breadcrumb\":{\"@id\":\"https:\/\/vilaltaconcept.es\/es\/politica-de-cookies\/#breadcrumb\"},\"inLanguage\":\"es\",\"potentialAction\":[{\"@type\":\"ReadAction\",\"target\":[\"https:\/\/vilaltaconcept.es\/es\/politica-de-cookies\/\"]}]},{\"@type\":\"BreadcrumbList\",\"@id\":\"https:\/\/vilaltaconcept.es\/es\/politica-de-cookies\/#breadcrumb\",\"itemListElement\":[{\"@type\":\"ListItem\",\"position\":1,\"name\":\"Portada\",\"item\":\"https:\/\/vilaltaconcept.es\/es\/\"},{\"@type\":\"ListItem\",\"position\":2,\"name\":\"Pol\u00edtica de cookies\"}]},{\"@type\":\"WebSite\",\"@id\":\"https:\/\/vilaltaconcept.es\/es\/#website\",\"url\":\"https:\/\/vilaltaconcept.es\/es\/\",\"name\":\"Vilalta Concept\",\"description\":\"Tienda de zapatos Online\",\"publisher\":{\"@id\":\"https:\/\/vilaltaconcept.es\/es\/#organization\"},\"potentialAction\":[{\"@type\":\"SearchAction\",\"target\":{\"@type\":\"EntryPoint\",\"urlTemplate\":\"https:\/\/vilaltaconcept.es\/es\/?s={search_term_string}\"},\"query-input\":{\"@type\":\"PropertyValueSpecification\",\"valueRequired\":true,\"valueName\":\"search_term_string\"}}],\"inLanguage\":\"es\"},{\"@type\":\"Organization\",\"@id\":\"https:\/\/vilaltaconcept.es\/es\/#organization\",\"name\":\"Mira'm Badalona\",\"url\":\"https:\/\/vilaltaconcept.es\/es\/\",\"logo\":{\"@type\":\"ImageObject\",\"inLanguage\":\"es\",\"@id\":\"https:\/\/vilaltaconcept.es\/es\/#\/schema\/logo\/image\/\",\"url\":\"https:\/\/vilaltaconcept.es\/wp-content\/uploads\/2021\/10\/LOGO-QUADRAT.png\",\"contentUrl\":\"https:\/\/vilaltaconcept.es\/wp-content\/uploads\/2021\/10\/LOGO-QUADRAT.png\",\"width\":512,\"height\":512,\"caption\":\"Mira'm Badalona\"},\"image\":{\"@id\":\"https:\/\/vilaltaconcept.es\/es\/#\/schema\/logo\/image\/\"},\"sameAs\":[\"https:\/\/www.facebook.com\/mirambadalona\",\"https:\/\/www.instagram.com\/mirambadalona\/\"]}]}<\/script>\n<!-- \/ Yoast SEO plugin. -->","yoast_head_json":{"title":"Pol\u00edtica de cookies - Vilalta Concept","robots":{"index":"noindex","follow":"nofollow"},"og_locale":"es_ES","og_type":"article","og_title":"Pol\u00edtica de cookies - Vilalta Concept","og_description":"Asimismo, www.vilaltaconcept.es informa al usuario que tiene la posibilidad de configurar su navegador para ser informado de la recepci\u00f3n de cookies, pudiendo, si as\u00ed lo desea, impedir que se instalen en su disco duro. A continuaci\u00f3n, le proporcionamos los enlaces de diversos navegadores, a trav\u00e9s de los cuales podr\u00e1 realizar esta configuraci\u00f3n: \u00a0 Firefox desde [&hellip;]","og_url":"https:\/\/vilaltaconcept.es\/es\/politica-de-cookies\/","og_site_name":"Vilalta Concept","article_publisher":"https:\/\/www.facebook.com\/mirambadalona","article_modified_time":"2025-12-18T12:09:15+00:00","twitter_card":"summary_large_image","twitter_misc":{"Tiempo de lectura":"3 minutos"},"schema":{"@context":"https:\/\/schema.org","@graph":[{"@type":"WebPage","@id":"https:\/\/vilaltaconcept.es\/es\/politica-de-cookies\/","url":"https:\/\/vilaltaconcept.es\/es\/politica-de-cookies\/","name":"Pol\u00edtica de cookies - Vilalta Concept","isPartOf":{"@id":"https:\/\/vilaltaconcept.es\/es\/#website"},"datePublished":"2025-12-18T11:35:54+00:00","dateModified":"2025-12-18T12:09:15+00:00","breadcrumb":{"@id":"https:\/\/vilaltaconcept.es\/es\/politica-de-cookies\/#breadcrumb"},"inLanguage":"es","potentialAction":[{"@type":"ReadAction","target":["https:\/\/vilaltaconcept.es\/es\/politica-de-cookies\/"]}]},{"@type":"BreadcrumbList","@id":"https:\/\/vilaltaconcept.es\/es\/politica-de-cookies\/#breadcrumb","itemListElement":[{"@type":"ListItem","position":1,"name":"Portada","item":"https:\/\/vilaltaconcept.es\/es\/"},{"@type":"ListItem","position":2,"name":"Pol\u00edtica de cookies"}]},{"@type":"WebSite","@id":"https:\/\/vilaltaconcept.es\/es\/#website","url":"https:\/\/vilaltaconcept.es\/es\/","name":"Vilalta Concept","description":"Tienda de zapatos Online","publisher":{"@id":"https:\/\/vilaltaconcept.es\/es\/#organization"},"potentialAction":[{"@type":"SearchAction","target":{"@type":"EntryPoint","urlTemplate":"https:\/\/vilaltaconcept.es\/es\/?s={search_term_string}"},"query-input":{"@type":"PropertyValueSpecification","valueRequired":true,"valueName":"search_term_string"}}],"inLanguage":"es"},{"@type":"Organization","@id":"https:\/\/vilaltaconcept.es\/es\/#organization","name":"Mira'm Badalona","url":"https:\/\/vilaltaconcept.es\/es\/","logo":{"@type":"ImageObject","inLanguage":"es","@id":"https:\/\/vilaltaconcept.es\/es\/#\/schema\/logo\/image\/","url":"https:\/\/vilaltaconcept.es\/wp-content\/uploads\/2021\/10\/LOGO-QUADRAT.png","contentUrl":"https:\/\/vilaltaconcept.es\/wp-content\/uploads\/2021\/10\/LOGO-QUADRAT.png","width":512,"height":512,"caption":"Mira'm Badalona"},"image":{"@id":"https:\/\/vilaltaconcept.es\/es\/#\/schema\/logo\/image\/"},"sameAs":["https:\/\/www.facebook.com\/mirambadalona","https:\/\/www.instagram.com\/mirambadalona\/"]}]}},"_links":{"self":[{"href":"https:\/\/vilaltaconcept.es\/es\/wp-json\/wp\/v2\/pages\/2153","targetHints":{"allow":["GET"]}}],"collection":[{"href":"https:\/\/vilaltaconcept.es\/es\/wp-json\/wp\/v2\/pages"}],"about":[{"href":"https:\/\/vilaltaconcept.es\/es\/wp-json\/wp\/v2\/types\/page"}],"author":[{"embeddable":true,"href":"https:\/\/vilaltaconcept.es\/es\/wp-json\/wp\/v2\/users\/69"}],"replies":[{"embeddable":true,"href":"https:\/\/vilaltaconcept.es\/es\/wp-json\/wp\/v2\/comments?post=2153"}],"version-history":[{"count":20,"href":"https:\/\/vilaltaconcept.es\/es\/wp-json\/wp\/v2\/pages\/2153\/revisions"}],"predecessor-version":[{"id":10781,"href":"https:\/\/vilaltaconcept.es\/es\/wp-json\/wp\/v2\/pages\/2153\/revisions\/10781"}],"wp:attachment":[{"href":"https:\/\/vilaltaconcept.es\/es\/wp-json\/wp\/v2\/media?parent=2153"}],"curies":[{"name":"wp","href":"https:\/\/api.w.org\/{rel}","templated":true}]}}